{"id":898,"date":"2016-09-18T05:30:30","date_gmt":"2016-09-18T05:30:30","guid":{"rendered":"http:\/\/demo.massivedynamic.co\/seo-2\/?page_id=6"},"modified":"2022-06-09T01:21:54","modified_gmt":"2022-06-09T04:21:54","slug":"home","status":"publish","type":"page","link":"https:\/\/www.aquieseguro.com.br\/","title":{"rendered":"Home"},"content":{"rendered":"","protected":false},"excerpt":{"rendered":"","protected":false},"author":1,"featured_media":0,"parent":0,"menu_order":0,"comment_status":"closed","ping_status":"closed","template":"","meta":{"footnotes":""},"class_list":["post-898","page","type-page","status-publish","hentry"],"yoast_head":"<!-- This site is optimized with the Yoast SEO plugin v27.6 - https:\/\/yoast.com\/product\/yoast-seo-wordpress\/ -->\n<title>Home - Aqui \u00e9 Seguro<\/title>\n<meta name=\"robots\" content=\"index, follow, max-snippet:-1, max-image-preview:large, max-video-preview:-1\" \/>\n<link rel=\"canonical\" href=\"https:\/\/www.aquieseguro.com.br\/\" \/>\n<meta property=\"og:locale\" content=\"pt_BR\" \/>\n<meta property=\"og:type\" content=\"article\" \/>\n<meta property=\"og:title\" content=\"Home - Aqui \u00e9 Seguro\" \/>\n<meta property=\"og:url\" content=\"https:\/\/www.aquieseguro.com.br\/\" \/>\n<meta property=\"og:site_name\" content=\"Aqui \u00e9 Seguro\" \/>\n<meta property=\"article:modified_time\" content=\"2022-06-09T04:21:54+00:00\" \/>\n<meta name=\"twitter:card\" content=\"summary_large_image\" \/>\n<meta name=\"twitter:label1\" content=\"Est. tempo de leitura\" \/>\n\t<meta name=\"twitter:data1\" content=\"35 minutos\" \/>\n<script type=\"application\/ld+json\" class=\"yoast-schema-graph\">{\"@context\":\"https:\\\/\\\/schema.org\",\"@graph\":[{\"@type\":\"WebPage\",\"@id\":\"https:\\\/\\\/www.aquieseguro.com.br\\\/\",\"url\":\"https:\\\/\\\/www.aquieseguro.com.br\\\/\",\"name\":\"Home - Aqui \u00e9 Seguro\",\"isPartOf\":{\"@id\":\"https:\\\/\\\/www.aquieseguro.com.br\\\/#website\"},\"datePublished\":\"2016-09-18T05:30:30+00:00\",\"dateModified\":\"2022-06-09T04:21:54+00:00\",\"breadcrumb\":{\"@id\":\"https:\\\/\\\/www.aquieseguro.com.br\\\/#breadcrumb\"},\"inLanguage\":\"pt-BR\",\"potentialAction\":[{\"@type\":\"ReadAction\",\"target\":[\"https:\\\/\\\/www.aquieseguro.com.br\\\/\"]}]},{\"@type\":\"BreadcrumbList\",\"@id\":\"https:\\\/\\\/www.aquieseguro.com.br\\\/#breadcrumb\",\"itemListElement\":[{\"@type\":\"ListItem\",\"position\":1,\"name\":\"In\u00edcio\",\"item\":\"https:\\\/\\\/www.aquieseguro.com.br\\\/\"},{\"@type\":\"ListItem\",\"position\":2,\"name\":\"Home\"}]},{\"@type\":\"WebSite\",\"@id\":\"https:\\\/\\\/www.aquieseguro.com.br\\\/#website\",\"url\":\"https:\\\/\\\/www.aquieseguro.com.br\\\/\",\"name\":\"Aqui \u00e9 Seguro\",\"description\":\"Tranquilidade e Seguran\u00e7a para voc\u00ea e sua empresa!\",\"publisher\":{\"@id\":\"https:\\\/\\\/www.aquieseguro.com.br\\\/#organization\"},\"potentialAction\":[{\"@type\":\"SearchAction\",\"target\":{\"@type\":\"EntryPoint\",\"urlTemplate\":\"https:\\\/\\\/www.aquieseguro.com.br\\\/?s={search_term_string}\"},\"query-input\":{\"@type\":\"PropertyValueSpecification\",\"valueRequired\":true,\"valueName\":\"search_term_string\"}}],\"inLanguage\":\"pt-BR\"},{\"@type\":\"Organization\",\"@id\":\"https:\\\/\\\/www.aquieseguro.com.br\\\/#organization\",\"name\":\"Aqui \u00e9 Seguro - Corretora de Seguros\",\"url\":\"https:\\\/\\\/www.aquieseguro.com.br\\\/\",\"logo\":{\"@type\":\"ImageObject\",\"inLanguage\":\"pt-BR\",\"@id\":\"https:\\\/\\\/www.aquieseguro.com.br\\\/#\\\/schema\\\/logo\\\/image\\\/\",\"url\":\"https:\\\/\\\/www.aquieseguro.com.br\\\/wp-content\\\/uploads\\\/2022\\\/06\\\/Logo-1-Fundo-Transparente-2.png\",\"contentUrl\":\"https:\\\/\\\/www.aquieseguro.com.br\\\/wp-content\\\/uploads\\\/2022\\\/06\\\/Logo-1-Fundo-Transparente-2.png\",\"width\":1870,\"height\":515,\"caption\":\"Aqui \u00e9 Seguro - Corretora de Seguros\"},\"image\":{\"@id\":\"https:\\\/\\\/www.aquieseguro.com.br\\\/#\\\/schema\\\/logo\\\/image\\\/\"},\"sameAs\":[\"https:\\\/\\\/www.linkedin.com\\\/company\\\/aqui-e-seguro\\\/\"]}]}<\/script>\n<!-- \/ Yoast SEO plugin. -->","yoast_head_json":{"title":"Home - Aqui \u00e9 Seguro","robots":{"index":"index","follow":"follow","max-snippet":"max-snippet:-1","max-image-preview":"max-image-preview:large","max-video-preview":"max-video-preview:-1"},"canonical":"https:\/\/www.aquieseguro.com.br\/","og_locale":"pt_BR","og_type":"article","og_title":"Home - Aqui \u00e9 Seguro","og_url":"https:\/\/www.aquieseguro.com.br\/","og_site_name":"Aqui \u00e9 Seguro","article_modified_time":"2022-06-09T04:21:54+00:00","twitter_card":"summary_large_image","twitter_misc":{"Est. tempo de leitura":"35 minutos"},"schema":{"@context":"https:\/\/schema.org","@graph":[{"@type":"WebPage","@id":"https:\/\/www.aquieseguro.com.br\/","url":"https:\/\/www.aquieseguro.com.br\/","name":"Home - Aqui \u00e9 Seguro","isPartOf":{"@id":"https:\/\/www.aquieseguro.com.br\/#website"},"datePublished":"2016-09-18T05:30:30+00:00","dateModified":"2022-06-09T04:21:54+00:00","breadcrumb":{"@id":"https:\/\/www.aquieseguro.com.br\/#breadcrumb"},"inLanguage":"pt-BR","potentialAction":[{"@type":"ReadAction","target":["https:\/\/www.aquieseguro.com.br\/"]}]},{"@type":"BreadcrumbList","@id":"https:\/\/www.aquieseguro.com.br\/#breadcrumb","itemListElement":[{"@type":"ListItem","position":1,"name":"In\u00edcio","item":"https:\/\/www.aquieseguro.com.br\/"},{"@type":"ListItem","position":2,"name":"Home"}]},{"@type":"WebSite","@id":"https:\/\/www.aquieseguro.com.br\/#website","url":"https:\/\/www.aquieseguro.com.br\/","name":"Aqui \u00e9 Seguro","description":"Tranquilidade e Seguran\u00e7a para voc\u00ea e sua empresa!","publisher":{"@id":"https:\/\/www.aquieseguro.com.br\/#organization"},"potentialAction":[{"@type":"SearchAction","target":{"@type":"EntryPoint","urlTemplate":"https:\/\/www.aquieseguro.com.br\/?s={search_term_string}"},"query-input":{"@type":"PropertyValueSpecification","valueRequired":true,"valueName":"search_term_string"}}],"inLanguage":"pt-BR"},{"@type":"Organization","@id":"https:\/\/www.aquieseguro.com.br\/#organization","name":"Aqui \u00e9 Seguro - Corretora de Seguros","url":"https:\/\/www.aquieseguro.com.br\/","logo":{"@type":"ImageObject","inLanguage":"pt-BR","@id":"https:\/\/www.aquieseguro.com.br\/#\/schema\/logo\/image\/","url":"https:\/\/www.aquieseguro.com.br\/wp-content\/uploads\/2022\/06\/Logo-1-Fundo-Transparente-2.png","contentUrl":"https:\/\/www.aquieseguro.com.br\/wp-content\/uploads\/2022\/06\/Logo-1-Fundo-Transparente-2.png","width":1870,"height":515,"caption":"Aqui \u00e9 Seguro - Corretora de Seguros"},"image":{"@id":"https:\/\/www.aquieseguro.com.br\/#\/schema\/logo\/image\/"},"sameAs":["https:\/\/www.linkedin.com\/company\/aqui-e-seguro\/"]}]}},"_links":{"self":[{"href":"https:\/\/www.aquieseguro.com.br\/index.php\/wp-json\/wp\/v2\/pages\/898","targetHints":{"allow":["GET"]}}],"collection":[{"href":"https:\/\/www.aquieseguro.com.br\/index.php\/wp-json\/wp\/v2\/pages"}],"about":[{"href":"https:\/\/www.aquieseguro.com.br\/index.php\/wp-json\/wp\/v2\/types\/page"}],"author":[{"embeddable":true,"href":"https:\/\/www.aquieseguro.com.br\/index.php\/wp-json\/wp\/v2\/users\/1"}],"replies":[{"embeddable":true,"href":"https:\/\/www.aquieseguro.com.br\/index.php\/wp-json\/wp\/v2\/comments?post=898"}],"version-history":[{"count":45,"href":"https:\/\/www.aquieseguro.com.br\/index.php\/wp-json\/wp\/v2\/pages\/898\/revisions"}],"predecessor-version":[{"id":1165,"href":"https:\/\/www.aquieseguro.com.br\/index.php\/wp-json\/wp\/v2\/pages\/898\/revisions\/1165"}],"wp:attachment":[{"href":"https:\/\/www.aquieseguro.com.br\/index.php\/wp-json\/wp\/v2\/media?parent=898"}],"curies":[{"name":"wp","href":"https:\/\/api.w.org\/{rel}","templated":true}]}}